{"id":8,"date":"2012-09-24T18:36:19","date_gmt":"2012-09-24T15:36:19","guid":{"rendered":"http:\/\/localhost\/haaja\/lepisto\/?page_id=7"},"modified":"2019-09-29T10:32:23","modified_gmt":"2019-09-29T07:32:23","slug":"kati","status":"publish","type":"page","link":"https:\/\/katilepisto.fi\/es\/kati\/","title":{"rendered":"Kati"},"content":{"rendered":"<p><\/p>\n<div class=\"info-box\">\n<h1><strong><img loading=\"lazy\" decoding=\"async\" class=\"alignleft size-full wp-image-39\" title=\"blogikati\" alt=\"\" src=\"http:\/\/katilepisto.fi\/wp-content\/uploads\/2012\/09\/blogikati.jpg\" width=\"82\" height=\"117\" \/>Kati van der Hoeven (Lepist\u00f6)<br \/>\n<\/strong><\/h1>\n<p>Nacido: 25.6.1974, Mikkeli, Finlandia<\/p>\n<h3><span class=\"cite\">No sue\u00f1es tu vida&#8230; Vive tus sue\u00f1os.<\/span><\/h3>\n<\/div>\n<h3><strong><span style=\"color: #000000; font-family: Calibri;\">Kati \u00a0\u201cjoven realizador del a\u00f1o 2014\u201d<\/span><\/strong><\/h3>\n<p><span style=\"font-family: Calibri;\"><span style=\"color: #000000;\">La autora finlandesa, bloggista Kati van der Hoeven-Lepist\u00f6 es el ganador del premio \u00abExcepcional<\/span><\/span><span style=\"font-family: Calibri;\"><span style=\"color: #000000;\"> joven realizador\u00a0finland\u00e9s del a\u00f1o 2014\u201d. El premio fue otorgado por la divisi\u00f3n juvenil de la C\u00e1mara de Comercio Internacional de Finlandia.<\/span><\/span><\/p>\n<p>Kati van der Hoeven-Lepist\u00f6 es una ex modelo de 40 a\u00f1os de edad, cuya carrera se vio truncada despu\u00e9s de un infarto cerebral en 1995. Kati ten\u00eda 20 a\u00f1os de edad en ese momento, Kati perdi\u00f3 por completo el poder del movimiento y el poder de habla. S\u00f3lo sus ojos funcionan y se comunica con una tabla de letras.<\/p>\n<p>De acuerdo a van der Hoeven-Lepist\u00f6 el gran instrumento para lograr salir adelante \u00a0es su determinaci\u00f3n, su fe y su tenacidad, esto le permite vivir una vida plena. Ella ha ayudado y animado a otros a hacer frente a estar paralizado para que se \u00a0avanzan.<\/p>\n<p>Kati es el autor de sus experiencias de vida en el libro &#8216;en un abrir y cerrar de ojos&#8217; (solo en el finland\u00e9s), y ella es un bloggista<span style=\"color: #000000; font-family: Calibri;\"> activo. Seg\u00fan el jurado van der Hoeven-Lepist\u00f6 fomenta una actitud positiva ante la vida que ha afectado a miles de vida y la actitud de la gente hacia la vida mediante la ense\u00f1anza de la aceptaci\u00f3n de la diversidad y el entendimiento (crecimiento espiritual).<\/span><\/p>\n<p>\u201cEl Joven Realizador\u201d es el premio m\u00e1s prestigioso de la divisi\u00f3n junior de la C\u00e1mara de Comercio Internacional de Finlandia y toca parte de la competencia internacional de \u00b4The Outstanding Young Persons Awards\u00b4(el joven sobresaliente).<\/p>\n<p><strong>F\u00edjense bien en este oc\u00e9ano de nubes corriendo a tus brazos.<\/strong><\/p>\n<p>Aqu\u00ed se encuentra una mujer con un entusiasmo implacable para la vida y una magn\u00edfica sonrisa. Ella mira amorosamente a la luz del sol y se r\u00ede a carcajadas.<\/p>\n<p>Brilla con un encanto, navegando entre las nubes de la vida. Desde lejos se ve el mar y ella sabe qu\u00e9 y por qu\u00e9.<\/p>\n<p>Su coraz\u00f3n r\u00ede mientras flota por encima y alrededor de todo. Un amante de la vida se eleva moscas en medio de las estrellas. Ella es una verdadera belleza, ella es divina.<\/p>\n<p>Algo se ha escrito en la arena. Olas escriben las palabras que se nos presentan. El rompecabezas se despliega y la mujer entra en las olas de vida.<\/p>\n<p>Una ni\u00f1a de cielos soleados se balancea sobre el campo de hierba. Ella es Kati. Riendo coraz\u00f3n.<\/p>\n<p><em>&#8211; Pasi R\u00e4ih\u00e4, amigo &#8211;<\/em><\/p>\n<p><a href=\"http:\/\/www.katilepisto.fi\/images\/Kati_lepisto_artikkelit1.pdf\"><strong>Read articles about Kati (pdf)<\/strong><\/a><\/p>\n<p><a href=\"http:\/\/www.katilepisto.fi\/images\/Paralyzed_Kati_Lepisto.pdf\"><strong>Paralyzed Kati Lepist\u00f6 (pdf)<\/strong><\/a><\/p>\n<!-- AddThis Advanced Settings generic via filter on the_content --><!-- AddThis Share Buttons generic via filter on the_content -->","protected":false},"excerpt":{"rendered":"<p>Kati van der Hoeven (Lepist\u00f6) Nacido: 25.6.1974, Mikkeli, Finlandia No sue\u00f1es tu vida&#8230; Vive tus sue\u00f1os. Kati \u00a0\u201cjoven realizador del a\u00f1o 2014\u201d La autora finlandesa,&#8230;<!-- AddThis Advanced Settings generic via filter on wp_trim_excerpt --><!-- AddThis Share Buttons generic via filter on wp_trim_excerpt --><\/p>\n","protected":false},"author":88889,"featured_media":0,"parent":0,"menu_order":0,"comment_status":"closed","ping_status":"closed","template":"kati-tpl.php","meta":{"_acf_changed":false,"ngg_post_thumbnail":0,"footnotes":""},"class_list":["post-8","page","type-page","status-publish","hentry"],"acf":[],"_links":{"self":[{"href":"https:\/\/katilepisto.fi\/es\/wp-json\/wp\/v2\/pages\/8","targetHints":{"allow":["GET"]}}],"collection":[{"href":"https:\/\/katilepisto.fi\/es\/wp-json\/wp\/v2\/pages"}],"about":[{"href":"https:\/\/katilepisto.fi\/es\/wp-json\/wp\/v2\/types\/page"}],"author":[{"embeddable":true,"href":"https:\/\/katilepisto.fi\/es\/wp-json\/wp\/v2\/users\/88889"}],"replies":[{"embeddable":true,"href":"https:\/\/katilepisto.fi\/es\/wp-json\/wp\/v2\/comments?post=8"}],"version-history":[{"count":14,"href":"https:\/\/katilepisto.fi\/es\/wp-json\/wp\/v2\/pages\/8\/revisions"}],"predecessor-version":[{"id":3581,"href":"https:\/\/katilepisto.fi\/es\/wp-json\/wp\/v2\/pages\/8\/revisions\/3581"}],"wp:attachment":[{"href":"https:\/\/katilepisto.fi\/es\/wp-json\/wp\/v2\/media?parent=8"}],"curies":[{"name":"wp","href":"https:\/\/api.w.org\/{rel}","templated":true}]}}