{"id":143,"date":"2013-09-27T10:23:05","date_gmt":"2013-09-27T07:23:05","guid":{"rendered":"http:\/\/katilepisto.fi\/?page_id=143"},"modified":"2019-10-04T10:14:49","modified_gmt":"2019-10-04T07:14:49","slug":"silmanrapays","status":"publish","type":"page","link":"https:\/\/katilepisto.fi\/es\/kirja\/silmanrapays\/","title":{"rendered":"En un abrir y cerrar de ojos"},"content":{"rendered":"<p><\/p>\n<h1>En un abrir y cerrar de ojos<\/h1>\n<p>Era el invierno&nbsp;del 1998.<\/p>\n<p>\u00ab\u00bfQu\u00e9 sabes sobre el s\u00edndrome de cautiverio\u00bb, me pregunto el&nbsp;editor en jefe. \u00abLo siento pero qu\u00e9?\u00bb<\/p>\n<p>Ten\u00eda un&nbsp;papelito amarilla en la mano. \u00abCentro de rehabilitaci\u00f3n K\u00e4pyl\u00e4n llam\u00f3 y nos ofreci\u00f3 una&nbsp;historia muy&nbsp;interesante. Una joven modelo&nbsp;que tiene&nbsp;un terrible enfermedad, ya no es capaz de hablar o moverse. Podr\u00edas obtener una historia conmovedora.\u00bb<\/p>\n<p>Los ingredientes para la historia&nbsp;sonaban bien : un joven y bella mujer con una enfermedad desconocida, un destino tr\u00e1gico. Decidimos hacer la historia, a pesar de que el revista no es uno de&nbsp;esc\u00e1ndalos. Esto era un&nbsp;tema&nbsp;de inter\u00e9s&nbsp;humano.<\/p>\n<p>Llam\u00e9 a la terapeuta del&nbsp;centro de rehabilitaci\u00f3n \u00b4K\u00e4pyl\u00e4n\u00b4. Ella conoc\u00eda bien a la paciente y fue, por supuesto, pedir permiso antes insinuar sobre el tema. \u00c9l tambi\u00e9n sab\u00eda un mont\u00f3n&nbsp;sobre el&nbsp;s\u00edndrome de cautiverio, y hab\u00eda publicado recientemente un&nbsp;informe sobre la investigaci\u00f3n de ella.<\/p>\n<p>Fue realmente una coincidencia rara y desafortunado, una mujer joven ,el infarto del tronco cerebral. Fue destruido&nbsp;la capacidad&nbsp;para poder moverse y hablar, a pesar de que su mente funciona de la manera que antes.<\/p>\n<p>El teurapeta&nbsp;describio a&nbsp;Kati Lepist\u00f6 como una chica llamada destino:<\/p>\n<p>\u00abElla siente y piensa como cualquier otro, pero&nbsp;es incapaces de expresarse al hablar.\u00bb<\/p>\n<p>&#8211; Kati Lepist\u00f6 y Leeni Peltonen<\/p>\n<!-- AddThis Advanced Settings generic via filter on the_content --><!-- AddThis Share Buttons generic via filter on the_content -->","protected":false},"excerpt":{"rendered":"<p>En un abrir y cerrar de ojos Era el invierno&nbsp;del 1998. \u00ab\u00bfQu\u00e9 sabes sobre el s\u00edndrome de cautiverio\u00bb, me pregunto el&nbsp;editor en jefe. \u00abLo siento&#8230;<!-- AddThis Advanced Settings generic via filter on wp_trim_excerpt --><!-- AddThis Share Buttons generic via filter on wp_trim_excerpt --><\/p>\n","protected":false},"author":88889,"featured_media":0,"parent":9,"menu_order":0,"comment_status":"closed","ping_status":"closed","template":"","meta":{"_acf_changed":false,"ngg_post_thumbnail":0,"footnotes":""},"class_list":["post-143","page","type-page","status-publish","hentry"],"acf":[],"_links":{"self":[{"href":"https:\/\/katilepisto.fi\/es\/wp-json\/wp\/v2\/pages\/143","targetHints":{"allow":["GET"]}}],"collection":[{"href":"https:\/\/katilepisto.fi\/es\/wp-json\/wp\/v2\/pages"}],"about":[{"href":"https:\/\/katilepisto.fi\/es\/wp-json\/wp\/v2\/types\/page"}],"author":[{"embeddable":true,"href":"https:\/\/katilepisto.fi\/es\/wp-json\/wp\/v2\/users\/88889"}],"replies":[{"embeddable":true,"href":"https:\/\/katilepisto.fi\/es\/wp-json\/wp\/v2\/comments?post=143"}],"version-history":[{"count":9,"href":"https:\/\/katilepisto.fi\/es\/wp-json\/wp\/v2\/pages\/143\/revisions"}],"predecessor-version":[{"id":3690,"href":"https:\/\/katilepisto.fi\/es\/wp-json\/wp\/v2\/pages\/143\/revisions\/3690"}],"up":[{"embeddable":true,"href":"https:\/\/katilepisto.fi\/es\/wp-json\/wp\/v2\/pages\/9"}],"wp:attachment":[{"href":"https:\/\/katilepisto.fi\/es\/wp-json\/wp\/v2\/media?parent=143"}],"curies":[{"name":"wp","href":"https:\/\/api.w.org\/{rel}","templated":true}]}}