{"id":136,"date":"2013-09-27T09:41:54","date_gmt":"2013-09-27T06:41:54","guid":{"rendered":"http:\/\/katilepisto.fi\/?page_id=136"},"modified":"2019-10-04T10:05:18","modified_gmt":"2019-10-04T07:05:18","slug":"uusi-kirja","status":"publish","type":"page","link":"https:\/\/katilepisto.fi\/es\/kirja\/uusi-kirja\/","title":{"rendered":"Nuevo libro"},"content":{"rendered":"<p>Living Underwater\u00bb (Viviendo Bajo Agua)<\/p>\n<p>La vida de Kati cambi\u00f3 para siempre cuando a los veinte a\u00f1os sufri\u00f3 un infarto cerebral, que le quit\u00f3 la capacidad de hablar y la dej\u00f3 paralizada, encerrada en s\u00ed mismo. Sin embargo, su determinaci\u00f3n, fuerza de car\u00e1cter y esp\u00edritu se surgieron, aprendi\u00f3 a rendirse ante sus circunstancias. y florecer.<\/p>\n<p>Imaginase no poder moverse o hablar y sin la posibilidad de recuperaci\u00f3n.<\/p>\n<p>\u00bfC\u00f3mo te comunicar\u00edas con alguien?<\/p>\n<p>\u00bfC\u00f3mo evitaras caer en las profundidades de la depresi\u00f3n?<\/p>\n<p>\u00bfC\u00f3mo puedes vivir una vida significativa?<\/p>\n<p><strong>El primer objetivo de Kati era sobrevivir. Ahora ella faculta a otros no solo para sobrevivir, sino para prosperar contra viento y marea.<\/strong><\/p>\n<p>Este es un libro de risas, amor, esperanza y felicidad frente a la adversidad extrema. Le levantar\u00e1 el \u00e1nimo y lo guiar\u00e1 para superar sus propias dificultades y vivir su vida a lo m\u00e1ximo.<\/p>\n<p><strong>\u00abAprendemos mejor cuando vivimos\u00bb<\/strong> &#8211; Kati van der Hoeven<\/p>\n<p>\u201cYa sea que cuide a una persona discapacitado o est\u00e9 f\u00edsicamente discapacitado usted mismo, ya sea que luche contra una enfermedad o tiene alguien cercano a usted que este luchando con una enfermedad. Si alguna vez ha buscado una historia de perseverancia, amor y alegr\u00eda cuando se encuentra feliz para siempre; la vida real, la historia de Kati es para usted. En la vida, cada uno recibe una baraja de cartas, y dependiendo de c\u00f3mo elijamos jugarlas, la vida puede resultar &#8230; Maravillosamente.<\/p>\n<p>Kati era una joven modelo internacional cuando, a los 21 a\u00f1os, sufri\u00f3 un derrame cerebral que la dej\u00f3 encerrada en s\u00ed mismo. Paralizada e incapaz de hablar, Kati tuvo que aprender a comunicarse con los ojos y con el coraz\u00f3n. Hoy, m\u00e1s de veinte a\u00f1os despu\u00e9s, ella cuenta su historia de dolor, adversidad y esperanza. Una historia \u00fanica que le tocar\u00e1 el coraz\u00f3n y lo ayudar\u00e1 a superar cualquier dificultad que pueda enfrentar.<\/p>\n<p>El poder de la esperanza, el poder del amor, el poder de la risa, todo juntos se mezclan en este libro para alentarnos a enfrentar cada obst\u00e1culo como un desaf\u00edo para hacernos m\u00e1s fuertes. Esta es la historia de Kati y tambi\u00e9n puede ser tu historia.<\/p>\n<p>Kati comparte su historia con la esperanza de que los lectores de todo el mundo compartan su amor por la vida y su don de la risa, sabiendo que todo se puede superar con coraz\u00f3n, paciencia, perseverancia y esperanza.\u201d<\/p>\n<p>&#8211; Sarah Tun<\/p>\n<!-- AddThis Advanced Settings generic via filter on the_content --><!-- AddThis Share Buttons generic via filter on the_content -->","protected":false},"excerpt":{"rendered":"<p>Living Underwater\u00bb (Viviendo Bajo Agua) La vida de Kati cambi\u00f3 para siempre cuando a los veinte a\u00f1os sufri\u00f3 un infarto cerebral, que le quit\u00f3 la&#8230;<!-- AddThis Advanced Settings generic via filter on wp_trim_excerpt --><!-- AddThis Share Buttons generic via filter on wp_trim_excerpt --><\/p>\n","protected":false},"author":88889,"featured_media":0,"parent":9,"menu_order":0,"comment_status":"closed","ping_status":"closed","template":"","meta":{"_acf_changed":false,"ngg_post_thumbnail":0,"footnotes":""},"class_list":["post-136","page","type-page","status-publish","hentry"],"acf":[],"_links":{"self":[{"href":"https:\/\/katilepisto.fi\/es\/wp-json\/wp\/v2\/pages\/136","targetHints":{"allow":["GET"]}}],"collection":[{"href":"https:\/\/katilepisto.fi\/es\/wp-json\/wp\/v2\/pages"}],"about":[{"href":"https:\/\/katilepisto.fi\/es\/wp-json\/wp\/v2\/types\/page"}],"author":[{"embeddable":true,"href":"https:\/\/katilepisto.fi\/es\/wp-json\/wp\/v2\/users\/88889"}],"replies":[{"embeddable":true,"href":"https:\/\/katilepisto.fi\/es\/wp-json\/wp\/v2\/comments?post=136"}],"version-history":[{"count":9,"href":"https:\/\/katilepisto.fi\/es\/wp-json\/wp\/v2\/pages\/136\/revisions"}],"predecessor-version":[{"id":3687,"href":"https:\/\/katilepisto.fi\/es\/wp-json\/wp\/v2\/pages\/136\/revisions\/3687"}],"up":[{"embeddable":true,"href":"https:\/\/katilepisto.fi\/es\/wp-json\/wp\/v2\/pages\/9"}],"wp:attachment":[{"href":"https:\/\/katilepisto.fi\/es\/wp-json\/wp\/v2\/media?parent=136"}],"curies":[{"name":"wp","href":"https:\/\/api.w.org\/{rel}","templated":true}]}}